{"id":9,"date":"2025-04-01T06:02:34","date_gmt":"2025-04-01T06:02:34","guid":{"rendered":"http:\/\/floreres.com\/?page_id=9"},"modified":"2025-10-22T05:07:00","modified_gmt":"2025-10-22T05:07:00","slug":"delivery-and-payment","status":"publish","type":"page","link":"https:\/\/floreres.com\/lv\/delivery-and-payment\/","title":{"rendered":"Pieg\u0101de un apmaksa"},"content":{"rendered":"<div data-elementor-type=\"wp-page\" data-elementor-id=\"9\" class=\"elementor elementor-9\">\n\t\t\t\t<div class=\"elementor-element elementor-element-53e3e86 e-con-full e-flex e-con e-parent\" data-id=\"53e3e86\" data-element_type=\"container\" data-e-type=\"container\">\n\t\t\t\t<div class=\"elementor-element elementor-element-6e79a67 elementor-widget elementor-widget-text-editor\" data-id=\"6e79a67\" data-element_type=\"widget\" data-e-type=\"widget\" data-widget_type=\"text-editor.default\">\n\t\t\t\t<div class=\"elementor-widget-container\">\n\t\t\t\t\t\t\t\t\t<h1><strong>Pieg\u0101de un apmaksa<\/strong><\/h1><h4><strong>Pieg\u0101de<\/strong><\/h4><p><strong>1. Pieg\u0101de ar kurjeru (no 6,00 \u20ac)<\/strong><\/p><p>\u0112rta pieg\u0101de l\u012bdz J\u016bsu durv\u012bm <strong>Latvij\u0101, Lietuv\u0101 un Igaunij\u0101.<\/strong>.<br \/>Jaut\u0101jumu gad\u012bjum\u0101 sazinieties ar mums:<br \/>\ud83d\udcde <a href=\"tel:+37122109104\"><strong>+371 22109104<\/strong><\/a><br \/>\ud83d\udce7 <a href=\"mailto:info@floreres.com\"><strong>info@floreres.com<\/strong><\/a><\/p><p><strong>2. Pieg\u0101de uz paku skapi (no 2,50 \u20ac)<\/strong><\/p><p>Kad pas\u016bt\u012bjums b\u016bs pieg\u0101d\u0101ts <strong>DPD Pickup<\/strong> punkt\u0101, uz J\u016bsu t\u0101lru\u0146a numuru tiks nos\u016bt\u012bts <strong>SMS ar PIN kodu.<\/strong>.<br \/>S\u016bt\u012bjumu iesp\u0113jams iz\u0146emt <strong>5 dienu laik\u0101<\/strong> p\u0113c SMS sa\u0146em\u0161anas.<br \/>Lai iz\u0146emtu s\u016bt\u012bjumu, termin\u0101l\u012b izv\u0113lieties <strong>\u201cSa\u0146emt s\u016bt\u012bjumu\u201d<\/strong>, ievadiet PIN kodu un iz\u0146emiet savu paku.<br \/>Jaut\u0101jumu gad\u012bjum\u0101 l\u016bdzam sazin\u0101ties ar m\u016bsu klientu atbalstu:<br \/>\ud83d\udcde <a href=\"tel:+37122109104\"><strong>+371 22109104<\/strong><\/a><\/p><h4><strong>Apmaksas iesp\u0113jas<\/strong><\/h4><ul><li>Skaidr\u0101 naud\u0101 pieg\u0101des br\u012bd\u012b <em>(tikai Latvij\u0101)<\/em><\/li><li>Bankas p\u0101rskait\u012bjums<\/li><li>Tie\u0161saist\u0113 ar <strong>bankas karti<\/strong> vai <strong>internetbanku<\/strong><\/li><li><strong>Apple Pay<\/strong><\/li><\/ul>\t\t\t\t\t\t\t\t<\/div>\n\t\t\t\t<\/div>\n\t\t\t\t<\/div>\n\t\t\t\t<\/div>","protected":false},"excerpt":{"rendered":"<p>Delivery &amp; Payment Options Delivery 1. Courier delivery (from \u20ac6.00) Convenient home delivery across Latvia, Lithuania and Estonia.For questions, please contact us:\ud83d\udcde +371 22109104\ud83d\udce7 info@floreres.com 2. Delivery to parcel locker (from \u20ac2.50) Once your order arrives at a DPD Pickup point, you\u2019ll receive an SMS with a PIN code.You can collect your parcel within 5 [&hellip;]<\/p>\n","protected":false},"author":1,"featured_media":0,"parent":0,"menu_order":0,"comment_status":"closed","ping_status":"closed","template":"","meta":{"footnotes":""},"class_list":["post-9","page","type-page","status-publish","hentry"],"yoast_head":"<!-- This site is optimized with the Yoast SEO plugin v27.4 - https:\/\/yoast.com\/product\/yoast-seo-wordpress\/ -->\n<title>Delivery and payment - FLORERES<\/title>\n<meta name=\"robots\" content=\"index, follow, max-snippet:-1, max-image-preview:large, max-video-preview:-1\" \/>\n<link rel=\"canonical\" href=\"https:\/\/floreres.com\/lv\/delivery-and-payment\/\" \/>\n<meta property=\"og:locale\" content=\"lv_LV\" \/>\n<meta property=\"og:type\" content=\"article\" \/>\n<meta property=\"og:title\" content=\"Delivery and payment - FLORERES\" \/>\n<meta property=\"og:description\" content=\"Delivery &amp; Payment Options Delivery 1. Courier delivery (from \u20ac6.00) Convenient home delivery across Latvia, Lithuania and Estonia.For questions, please contact us:\ud83d\udcde +371 22109104\ud83d\udce7 info@floreres.com 2. Delivery to parcel locker (from \u20ac2.50) Once your order arrives at a DPD Pickup point, you\u2019ll receive an SMS with a PIN code.You can collect your parcel within 5 [&hellip;]\" \/>\n<meta property=\"og:url\" content=\"https:\/\/floreres.com\/lv\/delivery-and-payment\/\" \/>\n<meta property=\"og:site_name\" content=\"FLORERES\" \/>\n<meta property=\"article:modified_time\" content=\"2025-10-22T05:07:00+00:00\" \/>\n<meta name=\"twitter:card\" content=\"summary_large_image\" \/>\n<meta name=\"twitter:label1\" content=\"Est. reading time\" \/>\n\t<meta name=\"twitter:data1\" content=\"1 min\u016bte\" \/>\n<script type=\"application\/ld+json\" class=\"yoast-schema-graph\">{\"@context\":\"https:\\\/\\\/schema.org\",\"@graph\":[{\"@type\":\"WebPage\",\"@id\":\"https:\\\/\\\/floreres.com\\\/delivery-and-payment\\\/\",\"url\":\"https:\\\/\\\/floreres.com\\\/delivery-and-payment\\\/\",\"name\":\"Delivery and payment - FLORERES\",\"isPartOf\":{\"@id\":\"https:\\\/\\\/floreres.com\\\/#website\"},\"datePublished\":\"2025-04-01T06:02:34+00:00\",\"dateModified\":\"2025-10-22T05:07:00+00:00\",\"breadcrumb\":{\"@id\":\"https:\\\/\\\/floreres.com\\\/delivery-and-payment\\\/#breadcrumb\"},\"inLanguage\":\"lv-LV\",\"potentialAction\":[{\"@type\":\"ReadAction\",\"target\":[\"https:\\\/\\\/floreres.com\\\/delivery-and-payment\\\/\"]}]},{\"@type\":\"BreadcrumbList\",\"@id\":\"https:\\\/\\\/floreres.com\\\/delivery-and-payment\\\/#breadcrumb\",\"itemListElement\":[{\"@type\":\"ListItem\",\"position\":1,\"name\":\"Home\",\"item\":\"https:\\\/\\\/floreres.com\\\/\"},{\"@type\":\"ListItem\",\"position\":2,\"name\":\"Delivery and payment\"}]},{\"@type\":\"WebSite\",\"@id\":\"https:\\\/\\\/floreres.com\\\/#website\",\"url\":\"https:\\\/\\\/floreres.com\\\/\",\"name\":\"FLORERES\",\"description\":\"Dab\u012bga kosm\u0113tika ra\u017eota Latvij\u0101\",\"potentialAction\":[{\"@type\":\"SearchAction\",\"target\":{\"@type\":\"EntryPoint\",\"urlTemplate\":\"https:\\\/\\\/floreres.com\\\/?s={search_term_string}\"},\"query-input\":{\"@type\":\"PropertyValueSpecification\",\"valueRequired\":true,\"valueName\":\"search_term_string\"}}],\"inLanguage\":\"lv-LV\"}]}<\/script>\n<!-- \/ Yoast SEO plugin. -->","yoast_head_json":{"title":"Delivery and payment - FLORERES","robots":{"index":"index","follow":"follow","max-snippet":"max-snippet:-1","max-image-preview":"max-image-preview:large","max-video-preview":"max-video-preview:-1"},"canonical":"https:\/\/floreres.com\/lv\/delivery-and-payment\/","og_locale":"lv_LV","og_type":"article","og_title":"Delivery and payment - FLORERES","og_description":"Delivery &amp; Payment Options Delivery 1. Courier delivery (from \u20ac6.00) Convenient home delivery across Latvia, Lithuania and Estonia.For questions, please contact us:\ud83d\udcde +371 22109104\ud83d\udce7 info@floreres.com 2. Delivery to parcel locker (from \u20ac2.50) Once your order arrives at a DPD Pickup point, you\u2019ll receive an SMS with a PIN code.You can collect your parcel within 5 [&hellip;]","og_url":"https:\/\/floreres.com\/lv\/delivery-and-payment\/","og_site_name":"FLORERES","article_modified_time":"2025-10-22T05:07:00+00:00","twitter_card":"summary_large_image","twitter_misc":{"Est. reading time":"1 min\u016bte"},"schema":{"@context":"https:\/\/schema.org","@graph":[{"@type":"WebPage","@id":"https:\/\/floreres.com\/delivery-and-payment\/","url":"https:\/\/floreres.com\/delivery-and-payment\/","name":"Delivery and payment - FLORERES","isPartOf":{"@id":"https:\/\/floreres.com\/#website"},"datePublished":"2025-04-01T06:02:34+00:00","dateModified":"2025-10-22T05:07:00+00:00","breadcrumb":{"@id":"https:\/\/floreres.com\/delivery-and-payment\/#breadcrumb"},"inLanguage":"lv-LV","potentialAction":[{"@type":"ReadAction","target":["https:\/\/floreres.com\/delivery-and-payment\/"]}]},{"@type":"BreadcrumbList","@id":"https:\/\/floreres.com\/delivery-and-payment\/#breadcrumb","itemListElement":[{"@type":"ListItem","position":1,"name":"Home","item":"https:\/\/floreres.com\/"},{"@type":"ListItem","position":2,"name":"Delivery and payment"}]},{"@type":"WebSite","@id":"https:\/\/floreres.com\/#website","url":"https:\/\/floreres.com\/","name":"FLORERES","description":"Dab\u012bga kosm\u0113tika ra\u017eota Latvij\u0101","potentialAction":[{"@type":"SearchAction","target":{"@type":"EntryPoint","urlTemplate":"https:\/\/floreres.com\/?s={search_term_string}"},"query-input":{"@type":"PropertyValueSpecification","valueRequired":true,"valueName":"search_term_string"}}],"inLanguage":"lv-LV"}]}},"jetpack_sharing_enabled":true,"_links":{"self":[{"href":"https:\/\/floreres.com\/lv\/wp-json\/wp\/v2\/pages\/9","targetHints":{"allow":["GET"]}}],"collection":[{"href":"https:\/\/floreres.com\/lv\/wp-json\/wp\/v2\/pages"}],"about":[{"href":"https:\/\/floreres.com\/lv\/wp-json\/wp\/v2\/types\/page"}],"author":[{"embeddable":true,"href":"https:\/\/floreres.com\/lv\/wp-json\/wp\/v2\/users\/1"}],"replies":[{"embeddable":true,"href":"https:\/\/floreres.com\/lv\/wp-json\/wp\/v2\/comments?post=9"}],"version-history":[{"count":26,"href":"https:\/\/floreres.com\/lv\/wp-json\/wp\/v2\/pages\/9\/revisions"}],"predecessor-version":[{"id":4573,"href":"https:\/\/floreres.com\/lv\/wp-json\/wp\/v2\/pages\/9\/revisions\/4573"}],"wp:attachment":[{"href":"https:\/\/floreres.com\/lv\/wp-json\/wp\/v2\/media?parent=9"}],"curies":[{"name":"wp","href":"https:\/\/api.w.org\/{rel}","templated":true}]}}