{"id":4086,"date":"2025-04-01T09:34:38","date_gmt":"2025-04-01T09:34:38","guid":{"rendered":"https:\/\/floreres.com\/?page_id=4086"},"modified":"2025-10-22T03:39:56","modified_gmt":"2025-10-22T03:39:56","slug":"terms-and-conditions","status":"publish","type":"page","link":"https:\/\/floreres.com\/lv\/terms-and-conditions\/","title":{"rendered":"Visp\u0101rejie noteikumi"},"content":{"rendered":"<div data-elementor-type=\"wp-page\" data-elementor-id=\"4086\" class=\"elementor elementor-4086\">\n\t\t\t\t<div class=\"elementor-element elementor-element-7f941ba4 e-con-full e-flex e-con e-parent\" data-id=\"7f941ba4\" data-element_type=\"container\" data-e-type=\"container\">\n\t\t\t\t<div class=\"elementor-element elementor-element-1a2273e1 elementor-widget elementor-widget-text-editor\" data-id=\"1a2273e1\" data-element_type=\"widget\" data-e-type=\"widget\" data-widget_type=\"text-editor.default\">\n\t\t\t\t<div class=\"elementor-widget-container\">\n\t\t\t\t\t\t\t\t\t\n<h1 class=\"p1 wp-block-heading\"><span class=\"s1\"><b>LIETO\u0160ANAS NOTEIKUMI<\/b><\/span><\/h1>\n<h4 class=\"p1\"><span class=\"s1\"><b>1. Visp\u0101r\u0113j\u0101 vieno\u0161an\u0101s<\/b><\/span><\/h4>\n<p class=\"p2\"><span class=\"s1\">\u0160ie lieto\u0161anas noteikumi nosaka k\u0101rt\u012bbu, k\u0101d\u0101 <b>SIA \u201cFLORERE\u201d<\/b>re\u0123. Nr. <b>40203515880<\/b>, juridisk\u0101 adrese: <b>Mirdzas iela 25, J\u016brmala, LV-2008<\/b> (turpm\u0101k <i>\u2013 P\u0101rdev\u0113js<\/i>), nodro\u0161ina pre\u010du tirdzniec\u012bbu interneta vietn\u0113 <a href=\"https:\/\/floreres.com\/lv\/\"><span class=\"s2\"><b>www.floreres.com<\/b><\/span><\/a>, un nosaka ties\u012bbas un pien\u0101kumus <i>Pirc\u0113jam<\/i>.<\/span><\/p>\n<p class=\"p2\"><span class=\"s1\">Veicot pas\u016bt\u012bjumu interneta veikal\u0101, Pirc\u0113js apliecina, ka ir izlas\u012bjis, sapratis un piekr\u012bt \u0161iem Noteikumiem.<\/span><\/p>\n<p class=\"p2\"><span class=\"s1\">Distances l\u012bgums tiek uzskat\u012bts par nosl\u0113gtu br\u012bd\u012b, kad Pirc\u0113js ir veicis apmaksu un maks\u0101jums ir sa\u0146emts P\u0101rdev\u0113ja bankas kont\u0101.<\/span><\/p>\n<p class=\"p2\"><span class=\"s1\">\u0160ie Noteikumi attiecas uz visiem pas\u016bt\u012bjumiem, kas veikti interneta veikal\u0101 www.floreres.com, un neattiecas uz pirkumiem, kas veikti kl\u0101tien\u0113. <a href=\"https:\/\/floreres.com\/lv\/\"><span class=\"s2\">www.floreres.com<\/span><\/a> and do not apply to purchases made in person.<\/span><\/p>\n<h4 class=\"p1\"><span class=\"s1\"><b>2. Pre\u010du ieg\u0101de un apmaksa<\/b><\/span><\/h4>\n<p class=\"p2\"><span class=\"s1\">2.1. Pirc\u0113js izv\u0113las v\u0113lam\u0101s Preces, pievieno t\u0101s iepirkuma grozam, aizpilda nepiecie\u0161amos laukus (v\u0101rds, pieg\u0101des adrese, kontaktinform\u0101cija) un veic apmaksu.<\/span><\/p>\n<p class=\"p2\"><span class=\"s1\">2.2. Nor\u0113\u0137inus iesp\u0113jams veikt <b>ar maks\u0101jumu kart\u0113m (Visa, Mastercard)<\/b> vai caur <b>maks\u0101jumu sist\u0113mu MakeCommerce.lv (Maksekeskus AS)<\/b> kas nodro\u0161ina ar\u012b <b>internetbanku<\/b> (Swedbank, SEB, Luminor, Citadele u.c.).<\/span><\/p>\n<p class=\"p2\"><span class=\"s1\">2.3. Nor\u0113\u0137ini tiek veikti <b>eiro (EUR) val\u016bt\u0101<\/b>.<br \/>P\u0113c maks\u0101juma sa\u0146em\u0161anas <b>Pirc\u0113js sa\u0146em apstiprin\u0101jumu un r\u0113\u0137inu<\/b> e-past\u0101.<\/span><\/p>\n<p class=\"p2\"><span class=\"s1\">2.4. Ja apstiprin\u0101jums netiek sa\u0146emts 24 stundu laik\u0101, pas\u016bt\u012bjums nav sp\u0113k\u0101.<br \/>Pas\u016bt\u012bjumu apstr\u0101de notiek darba dien\u0101s no 9:00 l\u012bdz 17:00.<\/span><\/p>\n<h4 class=\"p1\"><span class=\"s1\"><b>3. Kuponi un atlaides<\/b><\/span><\/h4>\n<p class=\"p2\"><span class=\"s1\">3.1. FLORERE periodiski pied\u0101v\u0101 atlai\u017eu kodus vai kuponus. Tie tiek izzi\u0146oti m\u0101jaslap\u0101 vai soci\u0101lo t\u012bklu kontos.<\/span><\/p>\n<p class=\"p2 translation-block\"><span class=\"s1\">3.2. Kupons tiek aktiviz\u0113ts, ievadot kodu iepirkuma groz\u0101. Vienam pas\u016bt\u012bjumam var izmantot tikai <b>vienu kuponu<\/b> un <b>atlai\u017eu kodi nesumm\u0113jas<\/b>.<\/span><\/p>\n<p class=\"p2\"><span class=\"s1\">3.3. Kuponi ir der\u012bgi l\u012bdz noteiktajam termi\u0146am, un tos nevar izmantot p\u0113c der\u012bguma beig\u0101m.<\/span><\/p>\n<h4 class=\"p1\"><span class=\"s1\"><b>4. Pieg\u0101de<\/b><\/span><\/h4>\n<p class=\"p2 translation-block\"><span class=\"s1\">4.1. Pieg\u0101de tiek nodro\u0161in\u0101ta caur <b>DPD<\/b>.<\/span><\/p>\n<p class=\"p2\"><span class=\"s1\">4.2. Pieg\u0101des maksa tiek pievienota pas\u016bt\u012bjuma kop\u0113jai summai un nor\u0101d\u012bta pirms maks\u0101juma veik\u0161anas.<\/span><\/p>\n<p class=\"p2 translation-block\"><span class=\"s1\">4.3. Vid\u0113jais pieg\u0101des laiks:<br><b>2\u20135 darba dienas<\/b> Latvij\u0101<br><b>3\u20137 darba dienas<\/b> Baltijas valst\u012bs<br><b>l\u012bdz 14 darba dien\u0101m<\/b> ES valst\u012bs.<\/span><\/p>\n<p class=\"p2\"><span class=\"s1\">4.4. Pas\u016bt\u012bjuma komplekt\u0113\u0161ana tiek uzs\u0101kta p\u0113c apmaksas sa\u0146em\u0161anas.<br \/>Ja pas\u016bt\u012bjums netiek iz\u0146emts 7 dienu laik\u0101 no pakom\u0101ta, tas tiek nos\u016bt\u012bts atpaka\u013c P\u0101rdev\u0113jam.<\/span><\/p>\n<h4 class=\"p1\"><span class=\"s1\"><b>5. Cenas<\/b><\/span><\/h4>\n<p class=\"p2 translation-block\"><span class=\"s1\">5.1. Visas cenas nor\u0101d\u012btas <b>eiro (EUR)<\/b> ar <b>21% PVN<\/b>.<br>5.2. Pirms maks\u0101juma veik\u0161anas tiek nor\u0101d\u012bta gala summa ar visiem nodok\u013ciem un pieg\u0101des izmaks\u0101m.<\/span><\/p>\n<h4 class=\"p1\"><span class=\"s1\"><b>6. Atteikuma ties\u012bbas un atgrie\u0161ana<\/b><\/span><\/h4>\n<p class=\"p2 translation-block\"><span class=\"s1\">6.1. Pirc\u0113jam ir ties\u012bbas <b>14 dienu laik\u0101<\/b> no Preces sa\u0146em\u0161anas dienas atteikties no pirkuma, aizpildot atteikuma veidlapu un nos\u016btot to uz e-pastu <b>info@florere.lv<\/b>.<\/span><\/p>\n<p class=\"p2 translation-block\"><span class=\"s1\">6.2. Preci var atgriezt tikai, ja t\u0101 <b>nav lietota, nav boj\u0101ta, saglab\u0101ts  <b>ori\u0123in\u0101lais iepakojums<\/b> un Prece nav atv\u0113rta (higi\u0113nas apsv\u0113rumu d\u0113\u013c).<\/span><\/p>\n<p class=\"p2 translation-block\"><span class=\"s1\">6.3. Nauda tiek atmaks\u0101ta <b>14 dienu laik\u0101<\/b> no atgriezt\u0101s Preces sa\u0146em\u0161anas.<\/span><\/p>\n<p class=\"p2 translation-block\"><span class=\"s1\">6.4. Atgrie\u0161anas izmaksas sedz  <b>Pirc\u0113js<\/b>, iz\u0146emot gad\u012bjumus, kad vienojamies par pret\u0113jo.<\/span><\/p>\n<h4 class=\"p1\"><span class=\"s1\"><b>7. Produkti person\u012bgai lieto\u0161anai<\/b><\/span><\/h4>\n<p class=\"p2 translation-block\"><span class=\"s1\">7.1. FLORERE kosm\u0113tikas l\u012bdzek\u013ci ir paredz\u0113ti <b>person\u012bgai lieto\u0161anai<\/b> un nav <b>p\u0101rtikas produkti<\/b>.<br>7.2. P\u0101rdev\u0113js nodro\u0161ina, ka Preces atbilst dro\u0161uma pras\u012bb\u0101m un ir ra\u017eotas, <b>iev\u0113rojot labu ra\u017eo\u0161anas praksi<\/b>.<\/span><\/p>\n<h4 class=\"p1\"><span class=\"s1\"><b>8. Priv\u0101tums<\/b><\/span><\/h4>\n<p class=\"p2 translation-block\"><span class=\"s1\">Pirc\u0113ja personas dati tiek apstr\u0101d\u0101ti saska\u0146\u0101 ar <b>Priv\u0101tuma politiku,<\/b> kas pieejama <a href=\"https:\/\/floreres.com\/lv\/\" target=\"_self\"><span class=\"s2\"><b>www.floreres.com<\/b><\/span><\/a>.<br>Maks\u0101jumu inform\u0101cija tiek apstr\u0101d\u0101ta dro\u0161i un netiek saglab\u0101ta FLORERE sist\u0113m\u0101.<\/span><\/p>\n<h4 class=\"p1\"><span class=\"s1\"><b>9. Atbild\u012bbas ierobe\u017eojums<\/b><\/span><\/h4>\n<p class=\"p2 translation-block\"><span class=\"s1\">FLORERE nav atbild\u012bga par:<br>\u2013 kav\u0113jumiem vai pieg\u0101des trauc\u0113jumiem, kas radu\u0161ies neatkar\u012bgu apst\u0101k\u013cu d\u0113\u013c (kurjers, tre\u0161\u0101s puses u.c.);<br>\u2013 satura k\u013c\u016bd\u0101m vai \u012bslaic\u012bgu m\u0101jaslapas darb\u012bbas p\u0101rtraukumu;<br>\u2013 Pirc\u0113ja nepareizi ievad\u012btiem datiem.<\/span><\/p>\n<h4 class=\"p1\"><span class=\"s1\"><b>10. Str\u012bdu risin\u0101\u0161ana<\/b><\/span><\/h4>\n<p class=\"p2 translation-block\"><span class=\"s1\">Str\u012bdi starp Pirc\u0113ju un P\u0101rdev\u0113ju tiek risin\u0101ti sarunu ce\u013c\u0101.<br>Ja vieno\u0161an\u0101s netiek pan\u0101kta, Pirc\u0113js var v\u0113rsties <b>Latvijas Republikas ties\u0101 <\/b> vai iesniegt s\u016bdz\u012bbu <b>Pat\u0113r\u0113t\u0101ju ties\u012bbu aizsardz\u012bbas centr\u0101 (PTAC)<\/b>.<br>Vair\u0101k inform\u0101cijas: <a href=\"http:\/\/www.ptac.gov.lv\" target=\"_self\"><span class=\"s2\"><b>www.ptac.gov.lv<\/b><b><\/b><\/span><\/a><\/span><\/p>\n<h4 class=\"p1\"><span class=\"s1\"><b>11. Kontaktinform\u0101cija<\/b><\/span><\/h4>\n<p class=\"p2 translation-block\"><span class=\"s1\"><b>SIA \u201cFLORERE\u201d<\/b><br>Re\u0123. Nr. 40203515880<br>Mirdzas iela 25, J\u016brmala, LV-2008<br>E-pasts: <b>info@florere.lv<\/b><br>T\u012bmek\u013ca vietne: <a href=\"https:\/\/floreres.com\/lv\/\" target=\"_self\"><span class=\"s2\"><b>www.floreres.com<\/b><\/span><\/a><\/span><\/p>\t\t\t\t\t\t\t\t<\/div>\n\t\t\t\t<\/div>\n\t\t\t\t<\/div>\n\t\t\t\t<\/div>","protected":false},"excerpt":{"rendered":"<p>TERMS OF USE 1. General Agreement These Terms of Use outline how SIA \u201cFLORERE\u201d, registration No. 40203515880, legal address: Mirdzas Street 25, J\u016brmala, LV-2008 (the Seller), provides goods and services via www.floreres.com, and determine the rights and obligations of the Customer. By placing an order on the website, the Customer confirms that they have read, [&hellip;]<\/p>\n","protected":false},"author":1,"featured_media":0,"parent":0,"menu_order":0,"comment_status":"closed","ping_status":"closed","template":"","meta":{"footnotes":""},"class_list":["post-4086","page","type-page","status-publish","hentry"],"yoast_head":"<!-- This site is optimized with the Yoast SEO plugin v27.4 - https:\/\/yoast.com\/product\/yoast-seo-wordpress\/ -->\n<title>Terms and Conditions - FLORERES<\/title>\n<meta name=\"robots\" content=\"index, follow, max-snippet:-1, max-image-preview:large, max-video-preview:-1\" \/>\n<link rel=\"canonical\" href=\"https:\/\/floreres.com\/lv\/terms-and-conditions\/\" \/>\n<meta property=\"og:locale\" content=\"lv_LV\" \/>\n<meta property=\"og:type\" content=\"article\" \/>\n<meta property=\"og:title\" content=\"Terms and Conditions - FLORERES\" \/>\n<meta property=\"og:description\" content=\"TERMS OF USE 1. General Agreement These Terms of Use outline how SIA \u201cFLORERE\u201d, registration No. 40203515880, legal address: Mirdzas Street 25, J\u016brmala, LV-2008 (the Seller), provides goods and services via www.floreres.com, and determine the rights and obligations of the Customer. By placing an order on the website, the Customer confirms that they have read, [&hellip;]\" \/>\n<meta property=\"og:url\" content=\"https:\/\/floreres.com\/lv\/terms-and-conditions\/\" \/>\n<meta property=\"og:site_name\" content=\"FLORERES\" \/>\n<meta property=\"article:modified_time\" content=\"2025-10-22T03:39:56+00:00\" \/>\n<meta name=\"twitter:card\" content=\"summary_large_image\" \/>\n<meta name=\"twitter:label1\" content=\"Est. reading time\" \/>\n\t<meta name=\"twitter:data1\" content=\"3 min\u016btes\" \/>\n<script type=\"application\/ld+json\" class=\"yoast-schema-graph\">{\"@context\":\"https:\\\/\\\/schema.org\",\"@graph\":[{\"@type\":\"WebPage\",\"@id\":\"https:\\\/\\\/floreres.com\\\/terms-and-conditions\\\/\",\"url\":\"https:\\\/\\\/floreres.com\\\/terms-and-conditions\\\/\",\"name\":\"Terms and Conditions - FLORERES\",\"isPartOf\":{\"@id\":\"https:\\\/\\\/floreres.com\\\/#website\"},\"datePublished\":\"2025-04-01T09:34:38+00:00\",\"dateModified\":\"2025-10-22T03:39:56+00:00\",\"breadcrumb\":{\"@id\":\"https:\\\/\\\/floreres.com\\\/terms-and-conditions\\\/#breadcrumb\"},\"inLanguage\":\"lv-LV\",\"potentialAction\":[{\"@type\":\"ReadAction\",\"target\":[\"https:\\\/\\\/floreres.com\\\/terms-and-conditions\\\/\"]}]},{\"@type\":\"BreadcrumbList\",\"@id\":\"https:\\\/\\\/floreres.com\\\/terms-and-conditions\\\/#breadcrumb\",\"itemListElement\":[{\"@type\":\"ListItem\",\"position\":1,\"name\":\"Home\",\"item\":\"https:\\\/\\\/floreres.com\\\/\"},{\"@type\":\"ListItem\",\"position\":2,\"name\":\"Terms and Conditions\"}]},{\"@type\":\"WebSite\",\"@id\":\"https:\\\/\\\/floreres.com\\\/#website\",\"url\":\"https:\\\/\\\/floreres.com\\\/\",\"name\":\"FLORERES\",\"description\":\"Dab\u012bga kosm\u0113tika ra\u017eota Latvij\u0101\",\"potentialAction\":[{\"@type\":\"SearchAction\",\"target\":{\"@type\":\"EntryPoint\",\"urlTemplate\":\"https:\\\/\\\/floreres.com\\\/?s={search_term_string}\"},\"query-input\":{\"@type\":\"PropertyValueSpecification\",\"valueRequired\":true,\"valueName\":\"search_term_string\"}}],\"inLanguage\":\"lv-LV\"}]}<\/script>\n<!-- \/ Yoast SEO plugin. -->","yoast_head_json":{"title":"Terms and Conditions - FLORERES","robots":{"index":"index","follow":"follow","max-snippet":"max-snippet:-1","max-image-preview":"max-image-preview:large","max-video-preview":"max-video-preview:-1"},"canonical":"https:\/\/floreres.com\/lv\/terms-and-conditions\/","og_locale":"lv_LV","og_type":"article","og_title":"Terms and Conditions - FLORERES","og_description":"TERMS OF USE 1. General Agreement These Terms of Use outline how SIA \u201cFLORERE\u201d, registration No. 40203515880, legal address: Mirdzas Street 25, J\u016brmala, LV-2008 (the Seller), provides goods and services via www.floreres.com, and determine the rights and obligations of the Customer. By placing an order on the website, the Customer confirms that they have read, [&hellip;]","og_url":"https:\/\/floreres.com\/lv\/terms-and-conditions\/","og_site_name":"FLORERES","article_modified_time":"2025-10-22T03:39:56+00:00","twitter_card":"summary_large_image","twitter_misc":{"Est. reading time":"3 min\u016btes"},"schema":{"@context":"https:\/\/schema.org","@graph":[{"@type":"WebPage","@id":"https:\/\/floreres.com\/terms-and-conditions\/","url":"https:\/\/floreres.com\/terms-and-conditions\/","name":"Terms and Conditions - FLORERES","isPartOf":{"@id":"https:\/\/floreres.com\/#website"},"datePublished":"2025-04-01T09:34:38+00:00","dateModified":"2025-10-22T03:39:56+00:00","breadcrumb":{"@id":"https:\/\/floreres.com\/terms-and-conditions\/#breadcrumb"},"inLanguage":"lv-LV","potentialAction":[{"@type":"ReadAction","target":["https:\/\/floreres.com\/terms-and-conditions\/"]}]},{"@type":"BreadcrumbList","@id":"https:\/\/floreres.com\/terms-and-conditions\/#breadcrumb","itemListElement":[{"@type":"ListItem","position":1,"name":"Home","item":"https:\/\/floreres.com\/"},{"@type":"ListItem","position":2,"name":"Terms and Conditions"}]},{"@type":"WebSite","@id":"https:\/\/floreres.com\/#website","url":"https:\/\/floreres.com\/","name":"FLORERES","description":"Dab\u012bga kosm\u0113tika ra\u017eota Latvij\u0101","potentialAction":[{"@type":"SearchAction","target":{"@type":"EntryPoint","urlTemplate":"https:\/\/floreres.com\/?s={search_term_string}"},"query-input":{"@type":"PropertyValueSpecification","valueRequired":true,"valueName":"search_term_string"}}],"inLanguage":"lv-LV"}]}},"jetpack_sharing_enabled":true,"_links":{"self":[{"href":"https:\/\/floreres.com\/lv\/wp-json\/wp\/v2\/pages\/4086","targetHints":{"allow":["GET"]}}],"collection":[{"href":"https:\/\/floreres.com\/lv\/wp-json\/wp\/v2\/pages"}],"about":[{"href":"https:\/\/floreres.com\/lv\/wp-json\/wp\/v2\/types\/page"}],"author":[{"embeddable":true,"href":"https:\/\/floreres.com\/lv\/wp-json\/wp\/v2\/users\/1"}],"replies":[{"embeddable":true,"href":"https:\/\/floreres.com\/lv\/wp-json\/wp\/v2\/comments?post=4086"}],"version-history":[{"count":7,"href":"https:\/\/floreres.com\/lv\/wp-json\/wp\/v2\/pages\/4086\/revisions"}],"predecessor-version":[{"id":4564,"href":"https:\/\/floreres.com\/lv\/wp-json\/wp\/v2\/pages\/4086\/revisions\/4564"}],"wp:attachment":[{"href":"https:\/\/floreres.com\/lv\/wp-json\/wp\/v2\/media?parent=4086"}],"curies":[{"name":"wp","href":"https:\/\/api.w.org\/{rel}","templated":true}]}}