{"id":4075,"date":"2025-04-01T06:37:21","date_gmt":"2025-04-01T06:37:21","guid":{"rendered":"https:\/\/floreres.com\/?page_id=4075"},"modified":"2025-10-22T04:49:55","modified_gmt":"2025-10-22T04:49:55","slug":"refund-policy","status":"publish","type":"page","link":"https:\/\/floreres.com\/lv\/refund-policy\/","title":{"rendered":"Refund policy"},"content":{"rendered":"<div data-elementor-type=\"wp-page\" data-elementor-id=\"4075\" class=\"elementor elementor-4075\">\n\t\t\t\t<div class=\"elementor-element elementor-element-53e3e86 e-con-full e-flex e-con e-parent\" data-id=\"53e3e86\" data-element_type=\"container\" data-e-type=\"container\">\n\t\t\t\t<div class=\"elementor-element elementor-element-fd599f6 elementor-widget elementor-widget-text-editor\" data-id=\"fd599f6\" data-element_type=\"widget\" data-e-type=\"widget\" data-widget_type=\"text-editor.default\">\n\t\t\t\t<div class=\"elementor-widget-container\">\n\t\t\t\t\t\t\t\t\t<h4>1. Atteikuma ties\u012bbas<\/h4><ul><li>Tev ir ties\u012bbas atteikties no ieg\u0101d\u0101taj\u0101m prec\u0113m <strong>14 dien\u0101m<\/strong> p\u0113c pas\u016bt\u012bjuma sa\u0146em\u0161anas.<\/li><li>Lai izmantotu atteikuma ties\u012bbas, l\u016bdzu, nos\u016bti preces atpaka\u013c uz nor\u0101d\u012bto pakom\u0101tu.<\/li><li>Atgrieztaj\u0101m prec\u0113m j\u0101b\u016bt <strong>nelietot\u0101m, nesaboj\u0101t\u0101m un ori\u0123in\u0101l\u0101 st\u0101vokl\u012b.<\/strong>.<\/li><li class=\"translation-block\">S\u016bt\u012bjumam j\u0101pievieno <strong>izdruk\u0101ts pas\u016bt\u012bjuma apstiprin\u0101jums.<\/strong><\/li><li>The <strong>Atpaka\u013cs\u016bt\u012b\u0161anas izmaksas sedz klients.<\/strong>.<\/li><\/ul><h4>2. Naudas atmaksa<\/h4><ul><li>FLORERE atmaks\u0101s sa\u0146emto naudu maks\u0101t\u0101ja kont\u0101 <strong>5 darba dienu laik\u0101<\/strong> no dienas, kad sa\u0146emtas atgriezt\u0101s preces.<\/li><li>Da\u017eos gad\u012bjumos naudas atmaksa var aiz\u0146emt l\u012bdz <strong>14 dien\u0101m<\/strong> atkar\u012bb\u0101 no maks\u0101juma pakalpojumu sniedz\u0113ja.<\/li><\/ul><h4>3. Atgrie\u0161ana, ja sa\u0146emta d\u0101vana<\/h4><ul><li>Ja atgriez produktu, kura ieg\u0101de tev nodro\u0161in\u0101ja <strong>d\u0101vanas sa\u0146em\u0161anu<\/strong> (piem\u0113ram, par noteiktu pirkuma summu vai konkr\u0113tu produktu), tev j\u0101atgrie\u017e ar\u012b \u0161\u012b d\u0101vana.<\/li><li class=\"translation-block\">D\u0101vanai j\u0101b\u016bt <strong>nelietotai un nesaboj\u0101tai<\/strong>.<\/li><li class=\"translation-block\">Ja izv\u0113lies neatgriezt d\u0101vanu, t\u0101s v\u0113rt\u012bba tiks  <strong>atskait\u012bta no atgriezt\u0101s summas.<\/strong>.<\/li><\/ul><h4>4. Atgrie\u0161anas adrese<\/h4><p>L\u016bdzu, s\u016bti atgriezt\u0101s preces kop\u0101 ar pas\u016bt\u012bjuma apstiprin\u0101jumu uz:<\/p><p><strong>E-veikala pre\u010du atgrie\u0161ana<\/strong><br \/>SIA FLORERE<br \/>Omniva vai DPD pakom\u0101ts<br \/>Salaspils, Skolas iela Rimi vai Lidl<br \/>T\u0101lr.: +371 22109104<\/p><p><strong>VAI Pa pastu:<\/strong><br \/>SIA FLORERE<br \/>Skolas iela 3-5, Salaspils, LV-2121<\/p><h4>5. Boj\u0101tu vai br\u0101\u0137\u0113tu pre\u010du atgrie\u0161ana<\/h4><ul><li>Ja esi sa\u0146\u0113mis boj\u0101tu vai br\u0101\u0137\u0113tu produktu, l\u016bdzu, nekav\u0113joties sazinies ar mums pa e-pastu: <strong>info@floreres.com<\/strong>.<\/li><li>M\u0113s sniegsim nor\u0101des par t\u0101l\u0101kaj\u0101m darb\u012bb\u0101m saist\u012bb\u0101 ar atgrie\u0161anu vai nomai\u0146u.<\/li><\/ul>\t\t\t\t\t\t\t\t<\/div>\n\t\t\t\t<\/div>\n\t\t\t\t<\/div>\n\t\t\t\t<\/div>","protected":false},"excerpt":{"rendered":"<p>1. Right of Withdrawal You have the right to withdraw from your purchase within 14 days of receiving your order. To exercise this right, please return the products via a parcel terminal or by post to the address provided below. Returned items must be unused, undamaged, and in their original condition. Please include a printed [&hellip;]<\/p>\n","protected":false},"author":1,"featured_media":0,"parent":0,"menu_order":0,"comment_status":"closed","ping_status":"closed","template":"","meta":{"footnotes":""},"class_list":["post-4075","page","type-page","status-publish","hentry"],"yoast_head":"<!-- This site is optimized with the Yoast SEO plugin v27.4 - https:\/\/yoast.com\/product\/yoast-seo-wordpress\/ -->\n<title>Refund policy - FLORERES<\/title>\n<meta name=\"robots\" content=\"index, follow, max-snippet:-1, max-image-preview:large, max-video-preview:-1\" \/>\n<link rel=\"canonical\" href=\"https:\/\/floreres.com\/lv\/refund-policy\/\" \/>\n<meta property=\"og:locale\" content=\"lv_LV\" \/>\n<meta property=\"og:type\" content=\"article\" \/>\n<meta property=\"og:title\" content=\"Refund policy - FLORERES\" \/>\n<meta property=\"og:description\" content=\"1. Right of Withdrawal You have the right to withdraw from your purchase within 14 days of receiving your order. To exercise this right, please return the products via a parcel terminal or by post to the address provided below. Returned items must be unused, undamaged, and in their original condition. Please include a printed [&hellip;]\" \/>\n<meta property=\"og:url\" content=\"https:\/\/floreres.com\/lv\/refund-policy\/\" \/>\n<meta property=\"og:site_name\" content=\"FLORERES\" \/>\n<meta property=\"article:modified_time\" content=\"2025-10-22T04:49:55+00:00\" \/>\n<meta name=\"twitter:card\" content=\"summary_large_image\" \/>\n<meta name=\"twitter:label1\" content=\"Est. reading time\" \/>\n\t<meta name=\"twitter:data1\" content=\"2 min\u016btes\" \/>\n<script type=\"application\/ld+json\" class=\"yoast-schema-graph\">{\"@context\":\"https:\\\/\\\/schema.org\",\"@graph\":[{\"@type\":\"WebPage\",\"@id\":\"https:\\\/\\\/floreres.com\\\/refund-policy\\\/\",\"url\":\"https:\\\/\\\/floreres.com\\\/refund-policy\\\/\",\"name\":\"Refund policy - FLORERES\",\"isPartOf\":{\"@id\":\"https:\\\/\\\/floreres.com\\\/#website\"},\"datePublished\":\"2025-04-01T06:37:21+00:00\",\"dateModified\":\"2025-10-22T04:49:55+00:00\",\"breadcrumb\":{\"@id\":\"https:\\\/\\\/floreres.com\\\/refund-policy\\\/#breadcrumb\"},\"inLanguage\":\"lv-LV\",\"potentialAction\":[{\"@type\":\"ReadAction\",\"target\":[\"https:\\\/\\\/floreres.com\\\/refund-policy\\\/\"]}]},{\"@type\":\"BreadcrumbList\",\"@id\":\"https:\\\/\\\/floreres.com\\\/refund-policy\\\/#breadcrumb\",\"itemListElement\":[{\"@type\":\"ListItem\",\"position\":1,\"name\":\"Home\",\"item\":\"https:\\\/\\\/floreres.com\\\/\"},{\"@type\":\"ListItem\",\"position\":2,\"name\":\"Refund policy\"}]},{\"@type\":\"WebSite\",\"@id\":\"https:\\\/\\\/floreres.com\\\/#website\",\"url\":\"https:\\\/\\\/floreres.com\\\/\",\"name\":\"FLORERES\",\"description\":\"Dab\u012bga kosm\u0113tika ra\u017eota Latvij\u0101\",\"potentialAction\":[{\"@type\":\"SearchAction\",\"target\":{\"@type\":\"EntryPoint\",\"urlTemplate\":\"https:\\\/\\\/floreres.com\\\/?s={search_term_string}\"},\"query-input\":{\"@type\":\"PropertyValueSpecification\",\"valueRequired\":true,\"valueName\":\"search_term_string\"}}],\"inLanguage\":\"lv-LV\"}]}<\/script>\n<!-- \/ Yoast SEO plugin. -->","yoast_head_json":{"title":"Refund policy - FLORERES","robots":{"index":"index","follow":"follow","max-snippet":"max-snippet:-1","max-image-preview":"max-image-preview:large","max-video-preview":"max-video-preview:-1"},"canonical":"https:\/\/floreres.com\/lv\/refund-policy\/","og_locale":"lv_LV","og_type":"article","og_title":"Refund policy - FLORERES","og_description":"1. Right of Withdrawal You have the right to withdraw from your purchase within 14 days of receiving your order. To exercise this right, please return the products via a parcel terminal or by post to the address provided below. Returned items must be unused, undamaged, and in their original condition. Please include a printed [&hellip;]","og_url":"https:\/\/floreres.com\/lv\/refund-policy\/","og_site_name":"FLORERES","article_modified_time":"2025-10-22T04:49:55+00:00","twitter_card":"summary_large_image","twitter_misc":{"Est. reading time":"2 min\u016btes"},"schema":{"@context":"https:\/\/schema.org","@graph":[{"@type":"WebPage","@id":"https:\/\/floreres.com\/refund-policy\/","url":"https:\/\/floreres.com\/refund-policy\/","name":"Refund policy - FLORERES","isPartOf":{"@id":"https:\/\/floreres.com\/#website"},"datePublished":"2025-04-01T06:37:21+00:00","dateModified":"2025-10-22T04:49:55+00:00","breadcrumb":{"@id":"https:\/\/floreres.com\/refund-policy\/#breadcrumb"},"inLanguage":"lv-LV","potentialAction":[{"@type":"ReadAction","target":["https:\/\/floreres.com\/refund-policy\/"]}]},{"@type":"BreadcrumbList","@id":"https:\/\/floreres.com\/refund-policy\/#breadcrumb","itemListElement":[{"@type":"ListItem","position":1,"name":"Home","item":"https:\/\/floreres.com\/"},{"@type":"ListItem","position":2,"name":"Refund policy"}]},{"@type":"WebSite","@id":"https:\/\/floreres.com\/#website","url":"https:\/\/floreres.com\/","name":"FLORERES","description":"Dab\u012bga kosm\u0113tika ra\u017eota Latvij\u0101","potentialAction":[{"@type":"SearchAction","target":{"@type":"EntryPoint","urlTemplate":"https:\/\/floreres.com\/?s={search_term_string}"},"query-input":{"@type":"PropertyValueSpecification","valueRequired":true,"valueName":"search_term_string"}}],"inLanguage":"lv-LV"}]}},"jetpack_sharing_enabled":true,"_links":{"self":[{"href":"https:\/\/floreres.com\/lv\/wp-json\/wp\/v2\/pages\/4075","targetHints":{"allow":["GET"]}}],"collection":[{"href":"https:\/\/floreres.com\/lv\/wp-json\/wp\/v2\/pages"}],"about":[{"href":"https:\/\/floreres.com\/lv\/wp-json\/wp\/v2\/types\/page"}],"author":[{"embeddable":true,"href":"https:\/\/floreres.com\/lv\/wp-json\/wp\/v2\/users\/1"}],"replies":[{"embeddable":true,"href":"https:\/\/floreres.com\/lv\/wp-json\/wp\/v2\/comments?post=4075"}],"version-history":[{"count":7,"href":"https:\/\/floreres.com\/lv\/wp-json\/wp\/v2\/pages\/4075\/revisions"}],"predecessor-version":[{"id":4570,"href":"https:\/\/floreres.com\/lv\/wp-json\/wp\/v2\/pages\/4075\/revisions\/4570"}],"wp:attachment":[{"href":"https:\/\/floreres.com\/lv\/wp-json\/wp\/v2\/media?parent=4075"}],"curies":[{"name":"wp","href":"https:\/\/api.w.org\/{rel}","templated":true}]}}