{"id":3729,"date":"2025-03-19T08:41:11","date_gmt":"2025-03-19T08:41:11","guid":{"rendered":""},"modified":"2025-09-24T08:20:00","modified_gmt":"2025-09-24T08:20:00","slug":"about-us","status":"publish","type":"page","link":"https:\/\/floreres.com\/lv\/about-us\/","title":{"rendered":"Par mums"},"content":{"rendered":"<div data-elementor-type=\"wp-page\" data-elementor-id=\"3729\" class=\"elementor elementor-3729\">\n\t\t\t\t\t\t<section class=\"elementor-section elementor-top-section elementor-element elementor-element-5158b412 elementor-section-full_width elementor-section-height-default elementor-section-height-default\" data-id=\"5158b412\" data-element_type=\"section\" data-e-type=\"section\">\n\t\t\t\t\t\t<div class=\"elementor-container elementor-column-gap-default\">\n\t\t\t\t\t<div class=\"elementor-column elementor-col-33 elementor-top-column elementor-element elementor-element-11875c9\" data-id=\"11875c9\" data-element_type=\"column\" data-e-type=\"column\">\n\t\t\t<div class=\"elementor-widget-wrap elementor-element-populated\">\n\t\t\t\t\t\t<div class=\"elementor-element elementor-element-27d8ef86 elementor-widget elementor-widget-heading\" data-id=\"27d8ef86\" data-element_type=\"widget\" data-e-type=\"widget\" data-widget_type=\"heading.default\">\n\t\t\t\t<div class=\"elementor-widget-container\">\n\t\t\t\t\t<h3 class=\"elementor-heading-title elementor-size-default\">Par mums<\/h3>\t\t\t\t<\/div>\n\t\t\t\t<\/div>\n\t\t\t\t<div class=\"elementor-element elementor-element-6c441c0 elementor-widget elementor-widget-text-editor\" data-id=\"6c441c0\" data-element_type=\"widget\" data-e-type=\"widget\" data-widget_type=\"text-editor.default\">\n\t\t\t\t<div class=\"elementor-widget-container\">\n\t\t\t\t\t\t\t\t\t<p>FLORERE\u2019S st\u0101sts aizs\u0101k\u0101s ar m\u012blest\u012bbu pret dab\u012bgu produktu gatavo\u0161anu person\u012bgai lieto\u0161anai, l\u012bdz tas izauga par ideju, sniegt iesp\u0113ju \u0161os produktus izbaud\u012bt ar\u012b citiem.<\/p><p>M\u016bsu misija ir pied\u0101v\u0101t dab\u012bgas izcelsmes produktus, kas r\u016bp\u0113jas par J\u016bsu \u0101du un labsaj\u016btu. Ticam, ka skaistums s\u0101kas ar vesel\u012bgu \u0101du, t\u0101p\u0113c esam ap\u0146\u0113mu\u0161ies nodro\u0161in\u0101t augstas kvalit\u0101tes produktus par pieejamu cenu.<\/p><p>M\u0113s sekojam l\u012bdzi jaun\u0101kaj\u0101m kosm\u0113tikas nozares tendenc\u0113m, lai pied\u0101v\u0101tu efekt\u012bvus un dro\u0161us risin\u0101jumus J\u016bsu ikdienas skaistumkop\u0161anas ritu\u0101liem. M\u016bsu produkti ir izstr\u0101d\u0101ti, dom\u0101jot par iedarb\u012bgumu, kvalit\u0101ti un J\u016bsu labsaj\u016btu.<\/p><p>Ilgtsp\u0113ja ir viens no m\u016bsu galvenajiem principiem. M\u0113s r\u016bp\u0113jamies par to, lai m\u016bsu darb\u012bba atst\u0101tu p\u0113c iesp\u0113jas maz\u0101ku ietekmi uz vidi, un vienm\u0113r mekl\u0113jam videi draudz\u012bg\u0101k\u0101s alternat\u012bvas.<\/p><p>M\u0113s esam ap\u0146\u0113mu\u0161ies veicin\u0101t labkl\u0101j\u012bbu un dz\u012bves kvalit\u0101ti, nodro\u0161inot dab\u012bgus un efekt\u012bvus produktus, kas sniedz harmoniju un labsaj\u016btu katru dienu. J\u016bsu skaistums un vesel\u012bba \u2013 m\u016bsu augst\u0101k\u0101 v\u0113rt\u012bba!<\/p>\t\t\t\t\t\t\t\t<\/div>\n\t\t\t\t<\/div>\n\t\t\t\t\t<\/div>\n\t\t<\/div>\n\t\t\t\t<div class=\"elementor-column elementor-col-66 elementor-top-column elementor-element elementor-element-4b2de284\" data-id=\"4b2de284\" data-element_type=\"column\" data-e-type=\"column\">\n\t\t\t<div class=\"elementor-widget-wrap elementor-element-populated\">\n\t\t\t\t\t\t<div class=\"elementor-element elementor-element-1c4d2456 elementor-widget__width-initial elementor-widget elementor-widget-text-editor\" data-id=\"1c4d2456\" data-element_type=\"widget\" data-e-type=\"widget\" data-widget_type=\"text-editor.default\">\n\t\t\t\t<div class=\"elementor-widget-container\">\n\t\t\t\t\t\t\t\t\t<table style=\"font-weight: 600;\"><tbody><tr><td>Pirmdiena:<\/td><td class=\"text-right\">09:00 &#8211; 17:00<\/td><\/tr><tr><td>Otrdiena:<\/td><td class=\"text-right\">09:00 &#8211; 17:00<\/td><\/tr><tr><td>Tre\u0161diena:<\/td><td class=\"text-right\">09:00 &#8211; 17:00<\/td><\/tr><tr><td>Ceturtdiena:<\/td><td class=\"text-right\">09:00 &#8211; 17:00<\/td><\/tr><tr><td>Piektdiena:<\/td><td class=\"text-right\">09:00 &#8211; 17:00<\/td><\/tr><tr><td>Sestdiena:<\/td><td class=\"text-right\">Atp\u016b\u0161amies<\/td><\/tr><tr><td>Sv\u0113tdiena:<\/td><td class=\"text-right\">Atp\u016b\u0161amies<\/td><\/tr><\/tbody><\/table>\t\t\t\t\t\t\t\t<\/div>\n\t\t\t\t<\/div>\n\t\t\t\t\t<\/div>\n\t\t<\/div>\n\t\t\t\t\t<\/div>\n\t\t<\/section>\n\t\t\t\t<\/div>","protected":false},"excerpt":{"rendered":"<p>Our Story The story of FLORERE\u2019S began with a love for creating natural products for personal use, which eventually grew into a vision &#8211; to offer these products to others as well. Our mission is to provide naturally sourced products that care for your skin and well-being. We believe that beauty starts with healthy skin, [&hellip;]<\/p>\n","protected":false},"author":1,"featured_media":0,"parent":0,"menu_order":0,"comment_status":"closed","ping_status":"closed","template":"","meta":{"footnotes":""},"class_list":["post-3729","page","type-page","status-publish","hentry"],"yoast_head":"<!-- This site is optimized with the Yoast SEO plugin v27.4 - https:\/\/yoast.com\/product\/yoast-seo-wordpress\/ -->\n<title>About Us - FLORERES<\/title>\n<meta name=\"robots\" content=\"index, follow, max-snippet:-1, max-image-preview:large, max-video-preview:-1\" \/>\n<link rel=\"canonical\" href=\"https:\/\/floreres.com\/lv\/about-us\/\" \/>\n<meta property=\"og:locale\" content=\"lv_LV\" \/>\n<meta property=\"og:type\" content=\"article\" \/>\n<meta property=\"og:title\" content=\"About Us - FLORERES\" \/>\n<meta property=\"og:description\" content=\"Our Story The story of FLORERE\u2019S began with a love for creating natural products for personal use, which eventually grew into a vision &#8211; to offer these products to others as well. Our mission is to provide naturally sourced products that care for your skin and well-being. We believe that beauty starts with healthy skin, [&hellip;]\" \/>\n<meta property=\"og:url\" content=\"https:\/\/floreres.com\/lv\/about-us\/\" \/>\n<meta property=\"og:site_name\" content=\"FLORERES\" \/>\n<meta property=\"article:modified_time\" content=\"2025-09-24T08:20:00+00:00\" \/>\n<meta name=\"twitter:card\" content=\"summary_large_image\" \/>\n<meta name=\"twitter:label1\" content=\"Est. reading time\" \/>\n\t<meta name=\"twitter:data1\" content=\"1 min\u016bte\" \/>\n<script type=\"application\/ld+json\" class=\"yoast-schema-graph\">{\"@context\":\"https:\\\/\\\/schema.org\",\"@graph\":[{\"@type\":\"WebPage\",\"@id\":\"https:\\\/\\\/floreres.com\\\/about-us\\\/\",\"url\":\"https:\\\/\\\/floreres.com\\\/about-us\\\/\",\"name\":\"About Us - FLORERES\",\"isPartOf\":{\"@id\":\"https:\\\/\\\/floreres.com\\\/#website\"},\"datePublished\":\"2025-03-19T08:41:11+00:00\",\"dateModified\":\"2025-09-24T08:20:00+00:00\",\"breadcrumb\":{\"@id\":\"https:\\\/\\\/floreres.com\\\/about-us\\\/#breadcrumb\"},\"inLanguage\":\"lv-LV\",\"potentialAction\":[{\"@type\":\"ReadAction\",\"target\":[\"https:\\\/\\\/floreres.com\\\/about-us\\\/\"]}]},{\"@type\":\"BreadcrumbList\",\"@id\":\"https:\\\/\\\/floreres.com\\\/about-us\\\/#breadcrumb\",\"itemListElement\":[{\"@type\":\"ListItem\",\"position\":1,\"name\":\"Home\",\"item\":\"https:\\\/\\\/floreres.com\\\/\"},{\"@type\":\"ListItem\",\"position\":2,\"name\":\"About Us\"}]},{\"@type\":\"WebSite\",\"@id\":\"https:\\\/\\\/floreres.com\\\/#website\",\"url\":\"https:\\\/\\\/floreres.com\\\/\",\"name\":\"FLORERES\",\"description\":\"Dab\u012bga kosm\u0113tika ra\u017eota Latvij\u0101\",\"potentialAction\":[{\"@type\":\"SearchAction\",\"target\":{\"@type\":\"EntryPoint\",\"urlTemplate\":\"https:\\\/\\\/floreres.com\\\/?s={search_term_string}\"},\"query-input\":{\"@type\":\"PropertyValueSpecification\",\"valueRequired\":true,\"valueName\":\"search_term_string\"}}],\"inLanguage\":\"lv-LV\"}]}<\/script>\n<!-- \/ Yoast SEO plugin. -->","yoast_head_json":{"title":"About Us - FLORERES","robots":{"index":"index","follow":"follow","max-snippet":"max-snippet:-1","max-image-preview":"max-image-preview:large","max-video-preview":"max-video-preview:-1"},"canonical":"https:\/\/floreres.com\/lv\/about-us\/","og_locale":"lv_LV","og_type":"article","og_title":"About Us - FLORERES","og_description":"Our Story The story of FLORERE\u2019S began with a love for creating natural products for personal use, which eventually grew into a vision &#8211; to offer these products to others as well. Our mission is to provide naturally sourced products that care for your skin and well-being. We believe that beauty starts with healthy skin, [&hellip;]","og_url":"https:\/\/floreres.com\/lv\/about-us\/","og_site_name":"FLORERES","article_modified_time":"2025-09-24T08:20:00+00:00","twitter_card":"summary_large_image","twitter_misc":{"Est. reading time":"1 min\u016bte"},"schema":{"@context":"https:\/\/schema.org","@graph":[{"@type":"WebPage","@id":"https:\/\/floreres.com\/about-us\/","url":"https:\/\/floreres.com\/about-us\/","name":"About Us - FLORERES","isPartOf":{"@id":"https:\/\/floreres.com\/#website"},"datePublished":"2025-03-19T08:41:11+00:00","dateModified":"2025-09-24T08:20:00+00:00","breadcrumb":{"@id":"https:\/\/floreres.com\/about-us\/#breadcrumb"},"inLanguage":"lv-LV","potentialAction":[{"@type":"ReadAction","target":["https:\/\/floreres.com\/about-us\/"]}]},{"@type":"BreadcrumbList","@id":"https:\/\/floreres.com\/about-us\/#breadcrumb","itemListElement":[{"@type":"ListItem","position":1,"name":"Home","item":"https:\/\/floreres.com\/"},{"@type":"ListItem","position":2,"name":"About Us"}]},{"@type":"WebSite","@id":"https:\/\/floreres.com\/#website","url":"https:\/\/floreres.com\/","name":"FLORERES","description":"Dab\u012bga kosm\u0113tika ra\u017eota Latvij\u0101","potentialAction":[{"@type":"SearchAction","target":{"@type":"EntryPoint","urlTemplate":"https:\/\/floreres.com\/?s={search_term_string}"},"query-input":{"@type":"PropertyValueSpecification","valueRequired":true,"valueName":"search_term_string"}}],"inLanguage":"lv-LV"}]}},"jetpack_sharing_enabled":true,"_links":{"self":[{"href":"https:\/\/floreres.com\/lv\/wp-json\/wp\/v2\/pages\/3729","targetHints":{"allow":["GET"]}}],"collection":[{"href":"https:\/\/floreres.com\/lv\/wp-json\/wp\/v2\/pages"}],"about":[{"href":"https:\/\/floreres.com\/lv\/wp-json\/wp\/v2\/types\/page"}],"author":[{"embeddable":true,"href":"https:\/\/floreres.com\/lv\/wp-json\/wp\/v2\/users\/1"}],"replies":[{"embeddable":true,"href":"https:\/\/floreres.com\/lv\/wp-json\/wp\/v2\/comments?post=3729"}],"version-history":[{"count":37,"href":"https:\/\/floreres.com\/lv\/wp-json\/wp\/v2\/pages\/3729\/revisions"}],"predecessor-version":[{"id":4406,"href":"https:\/\/floreres.com\/lv\/wp-json\/wp\/v2\/pages\/3729\/revisions\/4406"}],"wp:attachment":[{"href":"https:\/\/floreres.com\/lv\/wp-json\/wp\/v2\/media?parent=3729"}],"curies":[{"name":"wp","href":"https:\/\/api.w.org\/{rel}","templated":true}]}}