{"id":262,"date":"2017-09-27T17:17:24","date_gmt":"2017-09-27T17:17:24","guid":{"rendered":"https:\/\/elessi.nasatheme.com\/?page_id=262"},"modified":"2025-03-20T07:34:17","modified_gmt":"2025-03-20T07:34:17","slug":"cart","status":"publish","type":"page","link":"https:\/\/floreres.com\/lv\/cart\/","title":{"rendered":"Shopping Cart"},"content":{"rendered":"<div  class=\"section-element\"><div class=\"row\"><div class=\"large-12 margin-bottom-30 nasa-col columns\"><div  class=\"wpb_text_column wpb_content_element\">\n<\/div><\/div><\/div><\/div>","protected":false},"excerpt":{"rendered":"","protected":false},"author":1,"featured_media":0,"parent":0,"menu_order":0,"comment_status":"closed","ping_status":"closed","template":"page-shopping-cart.php","meta":{"footnotes":""},"class_list":["post-262","page","type-page","status-publish","hentry"],"yoast_head":"<!-- This site is optimized with the Yoast SEO plugin v27.4 - https:\/\/yoast.com\/product\/yoast-seo-wordpress\/ -->\n<title>Shopping Cart - FLORERES<\/title>\n<meta name=\"robots\" content=\"index, follow, max-snippet:-1, max-image-preview:large, max-video-preview:-1\" \/>\n<link rel=\"canonical\" href=\"https:\/\/floreres.com\/lv\/cart\/\" \/>\n<meta property=\"og:locale\" content=\"lv_LV\" \/>\n<meta property=\"og:type\" content=\"article\" \/>\n<meta property=\"og:title\" content=\"Shopping Cart - FLORERES\" \/>\n<meta property=\"og:url\" content=\"https:\/\/floreres.com\/lv\/cart\/\" \/>\n<meta property=\"og:site_name\" content=\"FLORERES\" \/>\n<meta property=\"article:modified_time\" content=\"2025-03-20T07:34:17+00:00\" \/>\n<meta name=\"twitter:card\" content=\"summary_large_image\" \/>\n<script type=\"application\/ld+json\" class=\"yoast-schema-graph\">{\"@context\":\"https:\\\/\\\/schema.org\",\"@graph\":[{\"@type\":\"WebPage\",\"@id\":\"https:\\\/\\\/floreres.com\\\/cart\\\/\",\"url\":\"https:\\\/\\\/floreres.com\\\/cart\\\/\",\"name\":\"Shopping Cart - FLORERES\",\"isPartOf\":{\"@id\":\"https:\\\/\\\/floreres.com\\\/#website\"},\"datePublished\":\"2017-09-27T17:17:24+00:00\",\"dateModified\":\"2025-03-20T07:34:17+00:00\",\"breadcrumb\":{\"@id\":\"https:\\\/\\\/floreres.com\\\/cart\\\/#breadcrumb\"},\"inLanguage\":\"lv-LV\",\"potentialAction\":[{\"@type\":\"ReadAction\",\"target\":[\"https:\\\/\\\/floreres.com\\\/cart\\\/\"]}]},{\"@type\":\"BreadcrumbList\",\"@id\":\"https:\\\/\\\/floreres.com\\\/cart\\\/#breadcrumb\",\"itemListElement\":[{\"@type\":\"ListItem\",\"position\":1,\"name\":\"Home\",\"item\":\"https:\\\/\\\/floreres.com\\\/\"},{\"@type\":\"ListItem\",\"position\":2,\"name\":\"Shopping Cart\"}]},{\"@type\":\"WebSite\",\"@id\":\"https:\\\/\\\/floreres.com\\\/#website\",\"url\":\"https:\\\/\\\/floreres.com\\\/\",\"name\":\"FLORERES\",\"description\":\"Dab\u012bga kosm\u0113tika ra\u017eota Latvij\u0101\",\"potentialAction\":[{\"@type\":\"SearchAction\",\"target\":{\"@type\":\"EntryPoint\",\"urlTemplate\":\"https:\\\/\\\/floreres.com\\\/?s={search_term_string}\"},\"query-input\":{\"@type\":\"PropertyValueSpecification\",\"valueRequired\":true,\"valueName\":\"search_term_string\"}}],\"inLanguage\":\"lv-LV\"}]}<\/script>\n<!-- \/ Yoast SEO plugin. -->","yoast_head_json":{"title":"Shopping Cart - FLORERES","robots":{"index":"index","follow":"follow","max-snippet":"max-snippet:-1","max-image-preview":"max-image-preview:large","max-video-preview":"max-video-preview:-1"},"canonical":"https:\/\/floreres.com\/lv\/cart\/","og_locale":"lv_LV","og_type":"article","og_title":"Shopping Cart - FLORERES","og_url":"https:\/\/floreres.com\/lv\/cart\/","og_site_name":"FLORERES","article_modified_time":"2025-03-20T07:34:17+00:00","twitter_card":"summary_large_image","schema":{"@context":"https:\/\/schema.org","@graph":[{"@type":"WebPage","@id":"https:\/\/floreres.com\/cart\/","url":"https:\/\/floreres.com\/cart\/","name":"Shopping Cart - FLORERES","isPartOf":{"@id":"https:\/\/floreres.com\/#website"},"datePublished":"2017-09-27T17:17:24+00:00","dateModified":"2025-03-20T07:34:17+00:00","breadcrumb":{"@id":"https:\/\/floreres.com\/cart\/#breadcrumb"},"inLanguage":"lv-LV","potentialAction":[{"@type":"ReadAction","target":["https:\/\/floreres.com\/cart\/"]}]},{"@type":"BreadcrumbList","@id":"https:\/\/floreres.com\/cart\/#breadcrumb","itemListElement":[{"@type":"ListItem","position":1,"name":"Home","item":"https:\/\/floreres.com\/"},{"@type":"ListItem","position":2,"name":"Shopping Cart"}]},{"@type":"WebSite","@id":"https:\/\/floreres.com\/#website","url":"https:\/\/floreres.com\/","name":"FLORERES","description":"Dab\u012bga kosm\u0113tika ra\u017eota Latvij\u0101","potentialAction":[{"@type":"SearchAction","target":{"@type":"EntryPoint","urlTemplate":"https:\/\/floreres.com\/?s={search_term_string}"},"query-input":{"@type":"PropertyValueSpecification","valueRequired":true,"valueName":"search_term_string"}}],"inLanguage":"lv-LV"}]}},"jetpack_sharing_enabled":true,"_links":{"self":[{"href":"https:\/\/floreres.com\/lv\/wp-json\/wp\/v2\/pages\/262","targetHints":{"allow":["GET"]}}],"collection":[{"href":"https:\/\/floreres.com\/lv\/wp-json\/wp\/v2\/pages"}],"about":[{"href":"https:\/\/floreres.com\/lv\/wp-json\/wp\/v2\/types\/page"}],"author":[{"embeddable":true,"href":"https:\/\/floreres.com\/lv\/wp-json\/wp\/v2\/users\/1"}],"replies":[{"embeddable":true,"href":"https:\/\/floreres.com\/lv\/wp-json\/wp\/v2\/comments?post=262"}],"version-history":[{"count":1,"href":"https:\/\/floreres.com\/lv\/wp-json\/wp\/v2\/pages\/262\/revisions"}],"predecessor-version":[{"id":3885,"href":"https:\/\/floreres.com\/lv\/wp-json\/wp\/v2\/pages\/262\/revisions\/3885"}],"wp:attachment":[{"href":"https:\/\/floreres.com\/lv\/wp-json\/wp\/v2\/media?parent=262"}],"curies":[{"name":"wp","href":"https:\/\/api.w.org\/{rel}","templated":true}]}}