{"id":251,"date":"2017-09-27T17:05:57","date_gmt":"2017-09-27T17:05:57","guid":{"rendered":"https:\/\/elessi.nasatheme.com\/?page_id=251"},"modified":"2025-09-24T08:00:25","modified_gmt":"2025-09-24T08:00:25","slug":"compare","status":"publish","type":"page","link":"https:\/\/floreres.com\/lv\/compare\/","title":{"rendered":"Sal\u012bdzin\u0101t"},"content":{"rendered":"<div data-elementor-type=\"wp-page\" data-elementor-id=\"251\" class=\"elementor elementor-251\">\n\t\t\t\t<div class=\"elementor-element elementor-element-e784f31 e-flex e-con-boxed e-con e-parent\" data-id=\"e784f31\" data-element_type=\"container\" data-e-type=\"container\">\n\t\t\t\t\t<div class=\"e-con-inner\">\n\t\t<div class=\"elementor-element elementor-element-645868e e-con-full e-flex e-con e-child\" data-id=\"645868e\" data-element_type=\"container\" data-e-type=\"container\">\n\t\t\t\t<\/div>\n\t\t\t\t\t<\/div>\n\t\t\t\t<\/div>\n\t\t\t\t<\/div>","protected":false},"excerpt":{"rendered":"","protected":false},"author":1,"featured_media":0,"parent":0,"menu_order":0,"comment_status":"closed","ping_status":"closed","template":"page-view-compare.php","meta":{"footnotes":""},"class_list":["post-251","page","type-page","status-publish","hentry"],"yoast_head":"<!-- This site is optimized with the Yoast SEO plugin v27.4 - https:\/\/yoast.com\/product\/yoast-seo-wordpress\/ -->\n<title>Compare - FLORERES<\/title>\n<meta name=\"robots\" content=\"index, follow, max-snippet:-1, max-image-preview:large, max-video-preview:-1\" \/>\n<link rel=\"canonical\" href=\"https:\/\/floreres.com\/lv\/compare\/\" \/>\n<meta property=\"og:locale\" content=\"lv_LV\" \/>\n<meta property=\"og:type\" content=\"article\" \/>\n<meta property=\"og:title\" content=\"Compare - FLORERES\" \/>\n<meta property=\"og:url\" content=\"https:\/\/floreres.com\/lv\/compare\/\" \/>\n<meta property=\"og:site_name\" content=\"FLORERES\" \/>\n<meta property=\"article:modified_time\" content=\"2025-09-24T08:00:25+00:00\" \/>\n<meta name=\"twitter:card\" content=\"summary_large_image\" \/>\n<script type=\"application\/ld+json\" class=\"yoast-schema-graph\">{\"@context\":\"https:\\\/\\\/schema.org\",\"@graph\":[{\"@type\":\"WebPage\",\"@id\":\"https:\\\/\\\/floreres.com\\\/compare\\\/\",\"url\":\"https:\\\/\\\/floreres.com\\\/compare\\\/\",\"name\":\"Compare - FLORERES\",\"isPartOf\":{\"@id\":\"https:\\\/\\\/floreres.com\\\/#website\"},\"datePublished\":\"2017-09-27T17:05:57+00:00\",\"dateModified\":\"2025-09-24T08:00:25+00:00\",\"breadcrumb\":{\"@id\":\"https:\\\/\\\/floreres.com\\\/compare\\\/#breadcrumb\"},\"inLanguage\":\"lv-LV\",\"potentialAction\":[{\"@type\":\"ReadAction\",\"target\":[\"https:\\\/\\\/floreres.com\\\/compare\\\/\"]}]},{\"@type\":\"BreadcrumbList\",\"@id\":\"https:\\\/\\\/floreres.com\\\/compare\\\/#breadcrumb\",\"itemListElement\":[{\"@type\":\"ListItem\",\"position\":1,\"name\":\"Home\",\"item\":\"https:\\\/\\\/floreres.com\\\/\"},{\"@type\":\"ListItem\",\"position\":2,\"name\":\"Compare\"}]},{\"@type\":\"WebSite\",\"@id\":\"https:\\\/\\\/floreres.com\\\/#website\",\"url\":\"https:\\\/\\\/floreres.com\\\/\",\"name\":\"FLORERES\",\"description\":\"Dab\u012bga kosm\u0113tika ra\u017eota Latvij\u0101\",\"potentialAction\":[{\"@type\":\"SearchAction\",\"target\":{\"@type\":\"EntryPoint\",\"urlTemplate\":\"https:\\\/\\\/floreres.com\\\/?s={search_term_string}\"},\"query-input\":{\"@type\":\"PropertyValueSpecification\",\"valueRequired\":true,\"valueName\":\"search_term_string\"}}],\"inLanguage\":\"lv-LV\"}]}<\/script>\n<!-- \/ Yoast SEO plugin. -->","yoast_head_json":{"title":"Compare - FLORERES","robots":{"index":"index","follow":"follow","max-snippet":"max-snippet:-1","max-image-preview":"max-image-preview:large","max-video-preview":"max-video-preview:-1"},"canonical":"https:\/\/floreres.com\/lv\/compare\/","og_locale":"lv_LV","og_type":"article","og_title":"Compare - FLORERES","og_url":"https:\/\/floreres.com\/lv\/compare\/","og_site_name":"FLORERES","article_modified_time":"2025-09-24T08:00:25+00:00","twitter_card":"summary_large_image","schema":{"@context":"https:\/\/schema.org","@graph":[{"@type":"WebPage","@id":"https:\/\/floreres.com\/compare\/","url":"https:\/\/floreres.com\/compare\/","name":"Compare - FLORERES","isPartOf":{"@id":"https:\/\/floreres.com\/#website"},"datePublished":"2017-09-27T17:05:57+00:00","dateModified":"2025-09-24T08:00:25+00:00","breadcrumb":{"@id":"https:\/\/floreres.com\/compare\/#breadcrumb"},"inLanguage":"lv-LV","potentialAction":[{"@type":"ReadAction","target":["https:\/\/floreres.com\/compare\/"]}]},{"@type":"BreadcrumbList","@id":"https:\/\/floreres.com\/compare\/#breadcrumb","itemListElement":[{"@type":"ListItem","position":1,"name":"Home","item":"https:\/\/floreres.com\/"},{"@type":"ListItem","position":2,"name":"Compare"}]},{"@type":"WebSite","@id":"https:\/\/floreres.com\/#website","url":"https:\/\/floreres.com\/","name":"FLORERES","description":"Dab\u012bga kosm\u0113tika ra\u017eota Latvij\u0101","potentialAction":[{"@type":"SearchAction","target":{"@type":"EntryPoint","urlTemplate":"https:\/\/floreres.com\/?s={search_term_string}"},"query-input":{"@type":"PropertyValueSpecification","valueRequired":true,"valueName":"search_term_string"}}],"inLanguage":"lv-LV"}]}},"jetpack_sharing_enabled":true,"_links":{"self":[{"href":"https:\/\/floreres.com\/lv\/wp-json\/wp\/v2\/pages\/251","targetHints":{"allow":["GET"]}}],"collection":[{"href":"https:\/\/floreres.com\/lv\/wp-json\/wp\/v2\/pages"}],"about":[{"href":"https:\/\/floreres.com\/lv\/wp-json\/wp\/v2\/types\/page"}],"author":[{"embeddable":true,"href":"https:\/\/floreres.com\/lv\/wp-json\/wp\/v2\/users\/1"}],"replies":[{"embeddable":true,"href":"https:\/\/floreres.com\/lv\/wp-json\/wp\/v2\/comments?post=251"}],"version-history":[{"count":7,"href":"https:\/\/floreres.com\/lv\/wp-json\/wp\/v2\/pages\/251\/revisions"}],"predecessor-version":[{"id":4393,"href":"https:\/\/floreres.com\/lv\/wp-json\/wp\/v2\/pages\/251\/revisions\/4393"}],"wp:attachment":[{"href":"https:\/\/floreres.com\/lv\/wp-json\/wp\/v2\/media?parent=251"}],"curies":[{"name":"wp","href":"https:\/\/api.w.org\/{rel}","templated":true}]}}